{"id":2460,"date":"2018-08-06T09:25:38","date_gmt":"2018-08-06T09:25:38","guid":{"rendered":"http:\/\/demo.harutheme.com\/formota\/?page_id=2460"},"modified":"2019-11-21T11:24:15","modified_gmt":"2019-11-21T11:24:15","slug":"a-propos-clients","status":"publish","type":"page","link":"https:\/\/catseven-prod.com\/index.php\/a-propos-clients\/","title":{"rendered":"A propos \/ clients"},"content":{"rendered":"<p>[vc_row full_width=\u00a0\u00bbstretch_row\u00a0\u00bb css=\u00a0\u00bb.vc_custom_1557757886523{padding-top: 25% !important;padding-bottom: 25% !important;background-image: url(https:\/\/catseven-prod.com\/wp-content\/uploads\/2019\/05\/115A4139-6.jpg?id=3290) !important;background-position: center !important;background-repeat: no-repeat !important;background-size: cover !important;}\u00a0\u00bb][vc_column][vc_row_inner][vc_column_inner][vc_custom_heading heading_style=\u00a0\u00bbheading_style_4&Prime; text=\u00a0\u00bbF\u00e9lix Steinmetz\u00a0\u00bb font_container=\u00a0\u00bbtag:h2|text_align:center|color:%23ffffff\u00a0\u00bb use_theme_fonts=\u00a0\u00bbyes\u00a0\u00bb css=\u00a0\u00bb.vc_custom_1557757407036{padding-bottom: 2% !important;}\u00a0\u00bb el_class=\u00a0\u00bbfs-100&Prime;][vc_custom_heading heading_style=\u00a0\u00bbheading_style_1&Prime; text=\u00a0\u00bbDP | Director | Filmmaker\u00a0\u00bb font_container=\u00a0\u00bbtag:h2|text_align:center|color:%23ffffff\u00a0\u00bb use_theme_fonts=\u00a0\u00bbyes\u00a0\u00bb][\/vc_column_inner][\/vc_row_inner][\/vc_column][\/vc_row][vc_row css=\u00a0\u00bb.vc_custom_1533626259727{padding-bottom: 8% !important;}\u00a0\u00bb][vc_column][vc_row_inner][vc_column_inner width=\u00a0\u00bb1\/3&Prime; offset=\u00a0\u00bbvc_hidden-lg\u00a0\u00bb][vc_single_image image=\u00a0\u00bb3283&Prime; img_size=\u00a0\u00bblarge\u00a0\u00bb][\/vc_column_inner][vc_column_inner width=\u00a0\u00bb2\/3&Prime; offset=\u00a0\u00bbvc_hidden-lg\u00a0\u00bb][vc_column_text]<strong>Le film, en combinant image, langage, musique et mouvement, est le m\u00e9dia qui r\u00e9pondra de mani\u00e8re fiable \u00e0 vos envies.<\/strong><br \/>\nCe qui m&rsquo;int\u00e9resse et me passionne, c&rsquo;est de raconter une histoire, transmettre des \u00e9motions, affirmer une identit\u00e9 \u00e0 travers la vid\u00e9o.<\/p>\n<p>C&rsquo;est dans cette optique que Catseven(r) Film Production s&rsquo;adaptera \u00e0 vos projets qu&rsquo;il s&rsquo;agisse de spot publicitaire, du corporate, de films \u00e9v\u00e9nementiels en tout genre, etc&#8230;[\/vc_column_text][\/vc_column_inner][\/vc_row_inner][vc_empty_space height=\u00a0\u00bb50px\u00a0\u00bb]                        <div class=\"  \">\n                <div class=\"introduce-shortcode-wrap style_1 about-me\">\n    <div class=\"introduce-image\">\n        <div class=\"introduce-sign\">\n            <div class=\"title\"><\/div>\n                    <\/div>\n                    <img src=\"https:\/\/catseven-prod.com\/wp-content\/uploads\/2019\/05\/IMG_4938.jpg\" alt=\"\">\n            <\/div>\n    <div class=\"introduce-description\">\n        <div class=\"introduce-content\">\n            <div class=\"description\">Le film, en combinant image, langage, musique et mouvement, est le m\u00e9dia qui r\u00e9pondra de mani\u00e8re fiable \u00e0 vos envies. Ce qui m&#039;int\u00e9resse et me passionne, c&#039;est de raconter une histoire, transmettre des \u00e9motions, affirmer une identit\u00e9 \u00e0 travers la vid\u00e9o. C&#039;est dans cette optique que Catseven\u00ae Film Production s&#039;adaptera \u00e0 vos projets qu&#039;il s&#039;agisse de spot publicitaire, du corporate, de films \u00e9v\u00e9nementiels en tout genre, etc...<\/div>\n                    <\/div>\n    <\/div>\n<\/div>            <\/div>\n                    [vc_empty_space height=\u00a0\u00bb50px\u00a0\u00bb][\/vc_column][\/vc_row][vc_row css=\u00a0\u00bb.vc_custom_1533626661634{padding-bottom: 6% !important;}\u00a0\u00bb][vc_column][vc_row_inner][vc_column_inner][vc_custom_heading heading_style=\u00a0\u00bbheading_style_5&Prime; text=\u00a0\u00bb\u00a0\u00bb use_theme_fonts=\u00a0\u00bbyes\u00a0\u00bb el_class=\u00a0\u00bbabout-me\u00a0\u00bb pre_heading=\u00a0\u00bbSuite \u00e0 mes \u00e9tudes dans l&rsquo;audiovisuel et le cin\u00e9ma, ainsi que des exp\u00e9riences professionnelles dans le domaine, j&rsquo;ai fait le choix de lancer mon activit\u00e9 avec la cr\u00e9ation de Catseven Film Production. Attentif \u00e0 la singularit\u00e9 de chaque collaboration et soucieux de comprendre vos attentes, je vous propose que l&rsquo;on se rencontre.\u00a0\u00bb][\/vc_column_inner][\/vc_row_inner][vc_row_inner][vc_column_inner][vc_btn button_style=\u00a0\u00bbbutton_style_7&Prime; title=\u00a0\u00bbME CONTACTER\u00a0\u00bb align=\u00a0\u00bbleft\u00a0\u00bb link=\u00a0\u00bburl:%23|||\u00a0\u00bb][\/vc_column_inner][\/vc_row_inner][\/vc_column][\/vc_row][vc_row full_width=\u00a0\u00bbstretch_row\u00a0\u00bb css=\u00a0\u00bb.vc_custom_1533626718057{padding-top: 3% !important;padding-bottom: 6% !important;background-color: #f8f8f8 !important;}\u00a0\u00bb][vc_column][vc_row_inner][vc_column_inner][vc_custom_heading heading_style=\u00a0\u00bbheading_style_6&Prime; text=\u00a0\u00bbconfiance\u00a0\u00bb font_container=\u00a0\u00bbtag:h2|text_align:center\u00a0\u00bb use_theme_fonts=\u00a0\u00bbyes\u00a0\u00bb hightlight_heading=\u00a0\u00bbIls nous ont fait\u00a0\u00bb][vc_empty_space height=\u00a0\u00bb50px\u00a0\u00bb][\/vc_column_inner][\/vc_row_inner]        \n        <div class=\" wpb_animate_when_almost_visible haru-css-animation wpb_fadeIn \">\n            <div class=\"testimonial-shortcode-wrap carousel_2 \">\n    <div class=\"haru-carousel testimonial-list owl-carousel owl-theme\"\n        data-items=\"1\"\n        data-items-tablet=\"1\"\n        data-items-mobile=\"1\"\n        data-margin=\"20\"\n        data-loop=\"true\"\n        data-autoplay=\"false\"\n        data-slide-duration=\"6000\">\n                <div class=\"testimonial-item\">\n            <div class=\"testimonial-left\">\n                <div class=\"testimonial-image\">\n                                    <\/div>\n            <\/div>\n            <div class=\"testimonial-right\">\n                <div class=\"testimonial-content\">Tr\u00e8s exigeant avec lui-m\u00eame, il nous a constamment livr\u00e9 des travaux d'une grande qualit\u00e9.<\/div>\n                <div class=\"testimonial-author\">\n                    <div class=\"author-info\">\n                        <span class=\"testimonial-title\">J. DITSCH, r\u00e9alisateur \/ monteur &#8211; Arte<\/span>\n                                                                    <\/div>\n                <\/div>\n            <\/div>\n        <\/div>\n                <div class=\"testimonial-item\">\n            <div class=\"testimonial-left\">\n                <div class=\"testimonial-image\">\n                                    <\/div>\n            <\/div>\n            <div class=\"testimonial-right\">\n                <div class=\"testimonial-content\">C'est tr\u00e8s agr\u00e9able de travailler avec F\u00e9lix : le feeling est tout de suite pass\u00e9 et le r\u00e9sultat est bluffant ! Un vrai professionnel que je recommande vivement.<\/div>\n                <div class=\"testimonial-author\">\n                    <div class=\"author-info\">\n                        <span class=\"testimonial-title\">L\u00e9a-marie, Blogueuse \/ Influsenceuse &#8211; MySweetCactus<\/span>\n                                                                    <\/div>\n                <\/div>\n            <\/div>\n        <\/div>\n                <div class=\"testimonial-item\">\n            <div class=\"testimonial-left\">\n                <div class=\"testimonial-image\">\n                                    <\/div>\n            <\/div>\n            <div class=\"testimonial-right\">\n                <div class=\"testimonial-content\">F\u00e9lix est un magicien de la r\u00e9alisation \ud83d\udc4d\r\n\r\nSes vid\u00e9os nous font r\u00eaver et nous mettent plein d\u2019\u00e9toiles dans les yeux \u2b50\ud83e\udd29\r\n\r\nEt humainement, c\u2019est juste quelqu\u2019un d\u2019exceptionnel et d\u2019une<span class=\"Apple-converted-space\">\u00a0 <\/span>grande r\u00e9activit\u00e9 \ud83d\udc4f<\/div>\n                <div class=\"testimonial-author\">\n                    <div class=\"author-info\">\n                        <span class=\"testimonial-title\">Selahattin Colakoglu, Directeur r\u00e9gional Grand EST &#8211; Celio*<\/span>\n                                                                    <\/div>\n                <\/div>\n            <\/div>\n        <\/div>\n            <\/div>\n<\/div>        <\/div>  \n        \n        [vc_row_inner css=\u00a0\u00bb.vc_custom_1533626777993{padding-top: 4% !important;padding-bottom: 6% !important;}\u00a0\u00bb][vc_column_inner width=\u00a0\u00bb1\/12&Prime;][\/vc_column_inner][vc_column_inner width=\u00a0\u00bb5\/6&Prime;]                        <div class=\" \">\n                <div class=\"clients-shortcode-wrap carousel logosConfiance\">\n    <div class=\"haru-carousel clients-list owl-carousel owl-theme\"\n        data-items=\"4\"\n        data-items-tablet=\"3\"\n        data-items-mobile=\"2\"\n        data-margin=\"20\"\n        data-autoplay=\"true\"\n        data-slide-duration=\"2000\"\n        data-loop=\"false\"\n    >\n                                    <div class=\"item-carousel\">\n                            \t<div class=\"client-item style_1\">\n                                                <a href=\"#\" target=\"_self\">\n                                                    <img src=\"https:\/\/catseven-prod.com\/wp-content\/uploads\/2019\/05\/biotherm-1.png\" alt=\"Biotherm\">\n                                                <\/a>\n                                            <\/div>\n                            <\/div>\n                                                <div class=\"item-carousel\">\n                            \t<div class=\"client-item style_1\">\n                                                    <img src=\"https:\/\/catseven-prod.com\/wp-content\/uploads\/2019\/05\/bloom-logo.png\" alt=\"Bloom\">\n                                            <\/div>\n                            <\/div>\n                                                <div class=\"item-carousel\">\n                            \t<div class=\"client-item style_1\">\n                                                    <img src=\"https:\/\/catseven-prod.com\/wp-content\/uploads\/2019\/05\/celio.png\" alt=\"Celio\">\n                                            <\/div>\n                            <\/div>\n                                                <div class=\"item-carousel\">\n                            \t<div class=\"client-item style_1\">\n                                                    <img src=\"https:\/\/catseven-prod.com\/wp-content\/uploads\/2019\/05\/decathlon-logo.png\" alt=\"Decathlon\">\n                                            <\/div>\n                            <\/div>\n                                                <div class=\"item-carousel\">\n                            \t<div class=\"client-item style_1\">\n                                                    <img src=\"https:\/\/catseven-prod.com\/wp-content\/uploads\/2019\/05\/haras.png\" alt=\"Les Haras\">\n                                            <\/div>\n                            <\/div>\n                                                <div class=\"item-carousel\">\n                            \t<div class=\"client-item style_1\">\n                                                    <img src=\"https:\/\/catseven-prod.com\/wp-content\/uploads\/2019\/05\/kreamer.png\" alt=\"Kraemer\">\n                                            <\/div>\n                            <\/div>\n                                                <div class=\"item-carousel\">\n                            \t<div class=\"client-item style_1\">\n                                                    <img src=\"https:\/\/catseven-prod.com\/wp-content\/uploads\/2019\/05\/logo-LUC.png\" alt=\"MH\">\n                                            <\/div>\n                            <\/div>\n                                                <div class=\"item-carousel\">\n                            \t<div class=\"client-item style_1\">\n                                                    <img src=\"https:\/\/catseven-prod.com\/wp-content\/uploads\/2019\/05\/logoetiosystems.png\" alt=\"etioSystems\">\n                                            <\/div>\n                            <\/div>\n                                                <div class=\"item-carousel\">\n                            \t<div class=\"client-item style_1\">\n                                                    <img src=\"https:\/\/catseven-prod.com\/wp-content\/uploads\/2019\/05\/logo-strasbourg.png\" alt=\"Strasbourg Eurom\u00e9tropole\">\n                                            <\/div>\n                            <\/div>\n                                                <div class=\"item-carousel\">\n                            \t<div class=\"client-item style_1\">\n                                                    <img src=\"https:\/\/catseven-prod.com\/wp-content\/uploads\/2019\/05\/logo-Vinci.png\" alt=\"Vinci\">\n                                            <\/div>\n                            <\/div>\n                                                <div class=\"item-carousel\">\n                            \t<div class=\"client-item style_1\">\n                                                    <img src=\"https:\/\/catseven-prod.com\/wp-content\/uploads\/2019\/05\/maison-de-lemploie.png\" alt=\"La Maison de l'Emploi\">\n                                            <\/div>\n                            <\/div>\n                                                <div class=\"item-carousel\">\n                            \t<div class=\"client-item style_1\">\n                                                    <img src=\"https:\/\/catseven-prod.com\/wp-content\/uploads\/2019\/05\/masolutioncr\u00e9dit-logo.png\" alt=\"Ma solution cr\u00e9dit\">\n                                            <\/div>\n                            <\/div>\n                                                <div class=\"item-carousel\">\n                            \t<div class=\"client-item style_1\">\n                                                    <img src=\"https:\/\/catseven-prod.com\/wp-content\/uploads\/2019\/05\/Monoprix-logo-.png\" alt=\"Monoprix\">\n                                            <\/div>\n                            <\/div>\n                                                <div class=\"item-carousel\">\n                            \t<div class=\"client-item style_1\">\n                                                    <img src=\"https:\/\/catseven-prod.com\/wp-content\/uploads\/2019\/05\/nexity-logo.png\" alt=\"Nexity\">\n                                            <\/div>\n                            <\/div>\n                                                <div class=\"item-carousel\">\n                            \t<div class=\"client-item style_1\">\n                                                    <img src=\"https:\/\/catseven-prod.com\/wp-content\/uploads\/2019\/05\/Nouveaulogoaudi.png\" alt=\"Audi\">\n                                            <\/div>\n                            <\/div>\n                                                <div class=\"item-carousel\">\n                            \t<div class=\"client-item style_1\">\n                                                    <img src=\"https:\/\/catseven-prod.com\/wp-content\/uploads\/2019\/05\/Puma.png\" alt=\"Puma\">\n                                            <\/div>\n                            <\/div>\n                                                <div class=\"item-carousel\">\n                            \t<div class=\"client-item style_1\">\n                                                    <img src=\"https:\/\/catseven-prod.com\/wp-content\/uploads\/2019\/05\/twenti.png\" alt=\"Twenti\">\n                                            <\/div>\n                            <\/div>\n                        <\/div>\n<\/div>            <\/div>\n                    [\/vc_column_inner][vc_column_inner width=\u00a0\u00bb1\/12&Prime;][\/vc_column_inner][\/vc_row_inner][\/vc_column][\/vc_row]<\/p>\n","protected":false},"excerpt":{"rendered":"<p>[vc_row full_width=\u00a0\u00bbstretch_row\u00a0\u00bb css=\u00a0\u00bb.vc_custom_1557757886523{padding-top: 25% !important;padding-bottom: 25% !important;background-image: url(https:\/\/catseven-prod.com\/wp-content\/uploads\/2019\/05\/115A4139-6.jpg?id=3290) !important;background-position: center !important;background-repeat: no-repeat !important;background-size: cover !important;}\u00a0\u00bb][vc_column][vc_row_inner][vc_column_inner][vc_custom_heading heading_style=\u00a0\u00bbheading_style_4&Prime; text=\u00a0\u00bbF\u00e9lix Steinmetz\u00a0\u00bb font_container=\u00a0\u00bbtag:h2|text_align:center|color:%23ffffff\u00a0\u00bb use_theme_fonts=\u00a0\u00bbyes\u00a0\u00bb css=\u00a0\u00bb.vc_custom_1557757407036{padding-bottom: 2% !important;}\u00a0\u00bb el_class=\u00a0\u00bbfs-100&Prime;][vc_custom_heading heading_style=\u00a0\u00bbheading_style_1&Prime; text=\u00a0\u00bbDP | Director | Filmmaker\u00a0\u00bb font_container=\u00a0\u00bbtag:h2|text_align:center|color:%23ffffff\u00a0\u00bb use_theme_fonts=\u00a0\u00bbyes\u00a0\u00bb][\/vc_column_inner][\/vc_row_inner][\/vc_column][\/vc_row][vc_row css=\u00a0\u00bb.vc_custom_1533626259727{padding-bottom: 8% !important;}\u00a0\u00bb][vc_column][vc_row_inner][vc_column_inner width=\u00a0\u00bb1\/3&Prime; offset=\u00a0\u00bbvc_hidden-lg\u00a0\u00bb][vc_single_image image=\u00a0\u00bb3283&Prime; img_size=\u00a0\u00bblarge\u00a0\u00bb][\/vc_column_inner][vc_column_inner width=\u00a0\u00bb2\/3&Prime; offset=\u00a0\u00bbvc_hidden-lg\u00a0\u00bb][vc_column_text]Le film, en combinant image, langage, musique et mouvement, est le m\u00e9dia qui r\u00e9pondra de [&hellip;]<\/p>\n","protected":false},"author":1,"featured_media":0,"parent":0,"menu_order":0,"comment_status":"closed","ping_status":"closed","template":"","meta":[],"_links":{"self":[{"href":"https:\/\/catseven-prod.com\/index.php\/wp-json\/wp\/v2\/pages\/2460"}],"collection":[{"href":"https:\/\/catseven-prod.com\/index.php\/wp-json\/wp\/v2\/pages"}],"about":[{"href":"https:\/\/catseven-prod.com\/index.php\/wp-json\/wp\/v2\/types\/page"}],"author":[{"embeddable":true,"href":"https:\/\/catseven-prod.com\/index.php\/wp-json\/wp\/v2\/users\/1"}],"replies":[{"embeddable":true,"href":"https:\/\/catseven-prod.com\/index.php\/wp-json\/wp\/v2\/comments?post=2460"}],"version-history":[{"count":40,"href":"https:\/\/catseven-prod.com\/index.php\/wp-json\/wp\/v2\/pages\/2460\/revisions"}],"predecessor-version":[{"id":3606,"href":"https:\/\/catseven-prod.com\/index.php\/wp-json\/wp\/v2\/pages\/2460\/revisions\/3606"}],"wp:attachment":[{"href":"https:\/\/catseven-prod.com\/index.php\/wp-json\/wp\/v2\/media?parent=2460"}],"curies":[{"name":"wp","href":"https:\/\/api.w.org\/{rel}","templated":true}]}}